{"id":9,"date":"2014-11-11T11:13:51","date_gmt":"2014-11-11T11:13:51","guid":{"rendered":"http:\/\/anpsthemes.com\/constructo\/?page_id=9"},"modified":"2018-03-29T10:47:56","modified_gmt":"2018-03-29T10:47:56","slug":"servicios","status":"publish","type":"page","link":"https:\/\/barlobar.com\/?page_id=9","title":{"rendered":"Servicios"},"content":{"rendered":"<p>[vc_row][vc_column width=\u00bb1\/2&#8243;][vc_single_image image=\u00bb803&#8243; img_size=\u00bbfull\u00bb]<h5 class='' ><span>CONSTRUCCI\u00d3N<\/span><\/h5>[vc_column_text]Construimos y remodelamos edificios y locales para cl\u00ednicas, hospitales, colegios, bancos, restaurantes, centros comerciales, franquicias, etc.[\/vc_column_text][vc_empty_space height=\u00bb10px\u00bb][vc_empty_space height=\u00bb10px\u00bb][vc_empty_space height=\u00bb10px\u00bb][\/vc_column][vc_column width=\u00bb1\/2&#8243;][vc_single_image image=\u00bb800&#8243; img_size=\u00bbfull\u00bb]<h5 class='' ><span>IMPERMEABILIZACI\u00d3N<\/span><\/h5>[vc_column_text]Somos pioneros impermeabilizando locales comerciales. Dise\u00f1amos, proveemos materiales y ejecutamos trabajos hasta con 15 a\u00f1os de garant\u00eda.[\/vc_column_text][vc_empty_space height=\u00bb10px\u00bb][vc_empty_space height=\u00bb10px\u00bb][vc_empty_space height=\u00bb10px\u00bb][\/vc_column][\/vc_row][vc_row][vc_column width=\u00bb1\/2&#8243;][vc_single_image image=\u00bb802&#8243; img_size=\u00bbfull\u00bb]<h5 class='' ><span>DRYWALL<\/span><\/h5>[vc_column_text]Tenemos comprobada experiencia en construcci\u00f3n con sistema Drywall en proyectos industriales, institucionales y residenciales.[\/vc_column_text][vc_empty_space height=\u00bb10px\u00bb][\/vc_column][vc_column width=\u00bb1\/2&#8243;][vc_single_image image=\u00bb801&#8243; img_size=\u00bbfull\u00bb]<h5 class='' ><span>GERENCIA DE PROYECTOS<\/span><\/h5>[vc_column_text]Realizamos planificaci\u00f3n y control de proyectos desde el punto de vista del cliente.[\/vc_column_text][vc_empty_space height=\u00bb10px\u00bb][\/vc_column][\/vc_row]<\/p>\n","protected":false},"excerpt":{"rendered":"<p>[vc_row][vc_column width=\u00bb1\/2&#8243;][vc_single_image image=\u00bb803&#8243; img_size=\u00bbfull\u00bb][vc_column_text]Construimos y remodelamos edificios y locales para cl\u00ednicas, hospitales, colegios, bancos, restaurantes, centros comerciales, franquicias, etc.[\/vc_column_text][vc_empty_space height=\u00bb10px\u00bb][vc_empty_space height=\u00bb10px\u00bb][vc_empty_space height=\u00bb10px\u00bb][\/vc_column][vc_column width=\u00bb1\/2&#8243;][vc_single_image image=\u00bb800&#8243; img_size=\u00bbfull\u00bb][vc_column_text]Somos pioneros impermeabilizando locales comerciales. Dise\u00f1amos, proveemos materiales y ejecutamos trabajos hasta con 15 a\u00f1os de&#8230;<\/p>\n","protected":false},"author":2,"featured_media":0,"parent":0,"menu_order":0,"comment_status":"open","ping_status":"open","template":"","meta":[],"_links":{"self":[{"href":"https:\/\/barlobar.com\/index.php?rest_route=\/wp\/v2\/pages\/9"}],"collection":[{"href":"https:\/\/barlobar.com\/index.php?rest_route=\/wp\/v2\/pages"}],"about":[{"href":"https:\/\/barlobar.com\/index.php?rest_route=\/wp\/v2\/types\/page"}],"author":[{"embeddable":true,"href":"https:\/\/barlobar.com\/index.php?rest_route=\/wp\/v2\/users\/2"}],"replies":[{"embeddable":true,"href":"https:\/\/barlobar.com\/index.php?rest_route=%2Fwp%2Fv2%2Fcomments&post=9"}],"version-history":[{"count":7,"href":"https:\/\/barlobar.com\/index.php?rest_route=\/wp\/v2\/pages\/9\/revisions"}],"predecessor-version":[{"id":808,"href":"https:\/\/barlobar.com\/index.php?rest_route=\/wp\/v2\/pages\/9\/revisions\/808"}],"wp:attachment":[{"href":"https:\/\/barlobar.com\/index.php?rest_route=%2Fwp%2Fv2%2Fmedia&parent=9"}],"curies":[{"name":"wp","href":"https:\/\/api.w.org\/{rel}","templated":true}]}}