{"id":7,"date":"2014-11-11T11:12:55","date_gmt":"2014-11-11T11:12:55","guid":{"rendered":"http:\/\/anpsthemes.com\/constructo\/?page_id=7"},"modified":"2017-01-30T18:37:16","modified_gmt":"2017-01-30T18:37:16","slug":"proyectos","status":"publish","type":"page","link":"https:\/\/barlobar.com\/?page_id=7","title":{"rendered":"Proyectos"},"content":{"rendered":"<p>[vc_row css=\u00bb.vc_custom_1418303236699{margin-top: -75px !important;}\u00bb][vc_column][vc_empty_space][vc_empty_space]<ul class='portfolio isotope classic'><li class='isotope-item  col-xs-6'><article class='inner'><a class='item-hover' href=https:\/\/barlobar.com\/?id=pavimentacion-linea-1-tren-electrico><div class='mask'><\/div><div class='item-info'><div class='headline'><h2>PAVIMENTACI\u00d3N L\u00cdNEA 1 TREN EL\u00c9CTRICO<\/h2><\/div><\/div><\/a><div class='item-img'><img src='https:\/\/barlobar.com\/wp-content\/uploads\/2014\/11\/Foto-PAVIMENTACI\u00d3N-L\u00cdNEA-1-TREN-ELECTRICO--360x267.jpg' \/><\/div><\/article><\/li><li class='isotope-item  col-xs-6'><article class='inner'><a class='item-hover' href=https:\/\/barlobar.com\/?id=don-belisario><div class='mask'><\/div><div class='item-info'><div class='headline'><h2>DON BELISARIO<\/h2><\/div><\/div><\/a><div class='item-img'><img src='https:\/\/barlobar.com\/wp-content\/uploads\/2017\/01\/donbelisariop-360x267.jpg' \/><\/div><\/article><\/li><li class='isotope-item  col-xs-6'><article class='inner'><a class='item-hover' href=https:\/\/barlobar.com\/?id=ripley><div class='mask'><\/div><div class='item-info'><div class='headline'><h2>RIPLEY<\/h2><\/div><\/div><\/a><div class='item-img'><img src='https:\/\/barlobar.com\/wp-content\/uploads\/2017\/01\/ripleymira-360x267.jpg' \/><\/div><\/article><\/li><li class='isotope-item  col-xs-6'><article class='inner'><a class='item-hover' href=https:\/\/barlobar.com\/?id=kentucky-fried-chicken><div class='mask'><\/div><div class='item-info'><div class='headline'><h2>KENTUCKY FRIED CHICKEN<\/h2><\/div><\/div><\/a><div class='item-img'><img src='https:\/\/barlobar.com\/wp-content\/uploads\/2017\/01\/kfcp-360x267.jpg' \/><\/div><\/article><\/li><li class='isotope-item  col-xs-6'><article class='inner'><a class='item-hover' href=https:\/\/barlobar.com\/?id=chinawok><div class='mask'><\/div><div class='item-info'><div class='headline'><h2>CHINAWOK<\/h2><\/div><\/div><\/a><div class='item-img'><img src='https:\/\/barlobar.com\/wp-content\/uploads\/2017\/01\/chinawokp-360x267.jpg' \/><\/div><\/article><\/li><li class='isotope-item  col-xs-6'><article class='inner'><a class='item-hover' href=https:\/\/barlobar.com\/?id=adidas><div class='mask'><\/div><div class='item-info'><div class='headline'><h2>ADIDAS<\/h2><\/div><\/div><\/a><div class='item-img'><img src='https:\/\/barlobar.com\/wp-content\/uploads\/2017\/01\/adidasp-360x267.jpg' \/><\/div><\/article><\/li><li class='isotope-item  col-xs-6'><article class='inner'><a class='item-hover' href=https:\/\/barlobar.com\/?id=cerveceria-del-sur><div class='mask'><\/div><div class='item-info'><div class='headline'><h2>CERVECER\u00cdA DEL SUR<\/h2><\/div><\/div><\/a><div class='item-img'><img src='https:\/\/barlobar.com\/wp-content\/uploads\/2017\/01\/cerveceriap-360x267.jpg' \/><\/div><\/article><\/li><li class='isotope-item  col-xs-6'><article class='inner'><a class='item-hover' href=https:\/\/barlobar.com\/?id=papa-johns><div class='mask'><\/div><div class='item-info'><div class='headline'><h2>PAPA JOHN&#8217;S<\/h2><\/div><\/div><\/a><div class='item-img'><img src='https:\/\/barlobar.com\/wp-content\/uploads\/2017\/01\/papajohnsp-360x267.jpg' \/><\/div><\/article><\/li><li class='isotope-item  col-xs-6'><article class='inner'><a class='item-hover' href=https:\/\/barlobar.com\/?id=cinemark><div class='mask'><\/div><div class='item-info'><div class='headline'><h2>CINEMARK<\/h2><\/div><\/div><\/a><div class='item-img'><img src='https:\/\/barlobar.com\/wp-content\/uploads\/2017\/01\/cinemarkp-360x267.jpg' \/><\/div><\/article><\/li><li class='isotope-item  col-xs-6'><article class='inner'><a class='item-hover' href=https:\/\/barlobar.com\/?id=edificio-empresarial-leuro><div class='mask'><\/div><div class='item-info'><div class='headline'><h2>EDIFICIO EMPRESARIAL LEURO<\/h2><\/div><\/div><\/a><div class='item-img'><img src='https:\/\/barlobar.com\/wp-content\/uploads\/2017\/01\/leurop-360x267.jpg' \/><\/div><\/article><\/li><li class='isotope-item  col-xs-6'><article class='inner'><a class='item-hover' href=https:\/\/barlobar.com\/?id=asociacion-cultural-peruano-britanica><div class='mask'><\/div><div class='item-info'><div class='headline'><h2>ASOCIACI\u00d3N CULTURAL PERUANO-BRIT\u00c1NICA<\/h2><\/div><\/div><\/a><div class='item-img'><img src='https:\/\/barlobar.com\/wp-content\/uploads\/2017\/01\/britanicop-360x267.jpg' \/><\/div><\/article><\/li><li class='isotope-item  col-xs-6'><article class='inner'><a class='item-hover' href=https:\/\/barlobar.com\/?id=tecsur><div class='mask'><\/div><div class='item-info'><div class='headline'><h2>TECSUR<\/h2><\/div><\/div><\/a><div class='item-img'><img src='https:\/\/barlobar.com\/wp-content\/uploads\/2017\/01\/tecsurp-360x267.jpg' \/><\/div><\/article><\/li><li class='isotope-item  col-xs-6'><article class='inner'><a class='item-hover' href=https:\/\/barlobar.com\/?id=colegio-nuestra-senora-del-rosario><div class='mask'><\/div><div class='item-info'><div class='headline'><h2>COLEGIO NUESTRA SE\u00d1ORA DEL ROSARIO<\/h2><\/div><\/div><\/a><div class='item-img'><img src='https:\/\/barlobar.com\/wp-content\/uploads\/2017\/01\/colep-360x267.jpg' \/><\/div><\/article><\/li><li class='isotope-item  col-xs-6'><article class='inner'><a class='item-hover' href=https:\/\/barlobar.com\/?id=minka><div class='mask'><\/div><div class='item-info'><div class='headline'><h2>MINKA<\/h2><\/div><\/div><\/a><div class='item-img'><img src='https:\/\/barlobar.com\/wp-content\/uploads\/2017\/01\/minkap-360x267.jpg' \/><\/div><\/article><\/li><li class='isotope-item  col-xs-6'><article class='inner'><a class='item-hover' href=https:\/\/barlobar.com\/?id=buildex><div class='mask'><\/div><div class='item-info'><div class='headline'><h2>BUILDEX<\/h2><\/div><\/div><\/a><div class='item-img'><img src='https:\/\/barlobar.com\/wp-content\/uploads\/2017\/01\/buildexp-360x267.jpg' \/><\/div><\/article><\/li><li class='isotope-item  col-xs-6'><article class='inner'><a class='item-hover' href=https:\/\/barlobar.com\/?id=pavimentacion-estacion-san-borja-sur><div class='mask'><\/div><div class='item-info'><div class='headline'><h2>PAVIMENTACI\u00d3N ESTACI\u00d3N SAN BORJA SUR<\/h2><\/div><\/div><\/a><div class='item-img'><img src='https:\/\/barlobar.com\/wp-content\/uploads\/2017\/01\/sanbp-360x267.jpg' \/><\/div><\/article><\/li><li class='isotope-item  col-xs-6'><article class='inner'><a class='item-hover' href=https:\/\/barlobar.com\/?id=pamolsa><div class='mask'><\/div><div class='item-info'><div class='headline'><h2>PAMOLSA<\/h2><\/div><\/div><\/a><div class='item-img'><img src='https:\/\/barlobar.com\/wp-content\/uploads\/2017\/01\/pamolsap-360x267.jpg' \/><\/div><\/article><\/li><li class='isotope-item  col-xs-6'><article class='inner'><a class='item-hover' href=https:\/\/barlobar.com\/?id=listo-2><div class='mask'><\/div><div class='item-info'><div class='headline'><h2>LISTO!<\/h2><\/div><\/div><\/a><div class='item-img'><img src='https:\/\/barlobar.com\/wp-content\/uploads\/2017\/01\/listo2p-360x267.jpg' \/><\/div><\/article><\/li><li class='isotope-item  col-xs-6'><article class='inner'><a class='item-hover' href=https:\/\/barlobar.com\/?id=saga-2><div class='mask'><\/div><div class='item-info'><div class='headline'><h2>SAGA<\/h2><\/div><\/div><\/a><div class='item-img'><img src='https:\/\/barlobar.com\/wp-content\/uploads\/2017\/01\/sagap-360x267.jpg' \/><\/div><\/article><\/li><li class='isotope-item  col-xs-6'><article class='inner'><a class='item-hover' href=https:\/\/barlobar.com\/?id=edificio-empresarial-torre-basadre><div class='mask'><\/div><div class='item-info'><div class='headline'><h2>EDIFICIO EMPRESARIAL TORRE BASADRE<\/h2><\/div><\/div><\/a><div class='item-img'><img src='https:\/\/barlobar.com\/wp-content\/uploads\/2017\/01\/torrebp-360x267.jpg' \/><\/div><\/article><\/li><li class='isotope-item  col-xs-6'><article class='inner'><a class='item-hover' href=https:\/\/barlobar.com\/?id=heladeria-4d><div class='mask'><\/div><div class='item-info'><div class='headline'><h2>HELADER\u00cdA 4D<\/h2><\/div><\/div><\/a><div class='item-img'><img src='https:\/\/barlobar.com\/wp-content\/uploads\/2017\/01\/4dp-360x267.jpg' \/><\/div><\/article><\/li><li class='isotope-item construcci\u00f3n col-xs-6'><article class='inner'><a class='item-hover' href=https:\/\/barlobar.com\/?id=proyecto-particular><div class='mask'><\/div><div class='item-info'><div class='headline'><h2>PROYECTO PARTICULAR<\/h2><\/div><\/div><\/a><div class='item-img'><img src='https:\/\/barlobar.com\/wp-content\/uploads\/2017\/01\/pparp-360x267.jpg' \/><\/div><\/article><\/li><li class='isotope-item construcci\u00f3n col-xs-6'><article class='inner'><a class='item-hover' href=https:\/\/barlobar.com\/?id=vivienda><div class='mask'><\/div><div class='item-info'><div class='headline'><h2>VIVIENDA PARTICULAR<\/h2><\/div><\/div><\/a><div class='item-img'><img src='https:\/\/barlobar.com\/wp-content\/uploads\/2017\/01\/vivp-360x267.jpg' \/><\/div><\/article><\/li><li class='isotope-item drywall interiores col-xs-6'><article class='inner'><a class='item-hover' href=https:\/\/barlobar.com\/?id=bcp><div class='mask'><\/div><div class='item-info'><div class='headline'><h2>BCP<\/h2><\/div><\/div><\/a><div class='item-img'><img width=\"360\" height=\"267\" src=\"https:\/\/barlobar.com\/wp-content\/uploads\/2014\/12\/a1-360x267.png\" class=\"attachment-post-thumb size-post-thumb wp-post-image\" alt=\"\" loading=\"lazy\" \/><\/div><\/article><\/li><li class='isotope-item construcci\u00f3n drywall interiores col-xs-6'><article class='inner'><a class='item-hover' href=https:\/\/barlobar.com\/?id=popeyes><div class='mask'><\/div><div class='item-info'><div class='headline'><h2>POPEYES<\/h2><\/div><\/div><\/a><div class='item-img'><img width=\"360\" height=\"267\" src=\"https:\/\/barlobar.com\/wp-content\/uploads\/2014\/12\/b1-360x267.png\" class=\"attachment-post-thumb size-post-thumb wp-post-image\" alt=\"\" loading=\"lazy\" \/><\/div><\/article><\/li><li class='isotope-item drywall interiores col-xs-6'><article class='inner'><a class='item-hover' href=https:\/\/barlobar.com\/?id=bembos><div class='mask'><\/div><div class='item-info'><div class='headline'><h2>BEMBOS<\/h2><\/div><\/div><\/a><div class='item-img'><img src='https:\/\/barlobar.com\/wp-content\/uploads\/2017\/01\/bembosnuevo-360x267.jpg' \/><\/div><\/article><\/li><li class='isotope-item construcci\u00f3n drywall col-xs-6'><article class='inner'><a class='item-hover' href=https:\/\/barlobar.com\/?id=listo><div class='mask'><\/div><div class='item-info'><div class='headline'><h2>LISTO!<\/h2><\/div><\/div><\/a><div class='item-img'><img width=\"360\" height=\"267\" src=\"https:\/\/barlobar.com\/wp-content\/uploads\/2014\/11\/d1-360x267.png\" class=\"attachment-post-thumb size-post-thumb wp-post-image\" alt=\"\" loading=\"lazy\" \/><\/div><\/article><\/li><li class='isotope-item gerencia-de-proyectos impermeabilizaci\u00f3n col-xs-6'><article class='inner'><a class='item-hover' href=https:\/\/barlobar.com\/?id=pardoyaliaga><div class='mask'><\/div><div class='item-info'><div class='headline'><h2>PARDO Y ALIAGA<\/h2><\/div><\/div><\/a><div class='item-img'><img width=\"360\" height=\"267\" src=\"https:\/\/barlobar.com\/wp-content\/uploads\/2014\/11\/e1-360x267.png\" class=\"attachment-post-thumb size-post-thumb wp-post-image\" alt=\"\" loading=\"lazy\" \/><\/div><\/article><\/li><li class='isotope-item gerencia-de-proyectos impermeabilizaci\u00f3n col-xs-6'><article class='inner'><a class='item-hover' href=https:\/\/barlobar.com\/?id=urbanova><div class='mask'><\/div><div class='item-info'><div class='headline'><h2>Centro empresarial Torre 4<\/h2><\/div><\/div><\/a><div class='item-img'><img width=\"360\" height=\"267\" src=\"https:\/\/barlobar.com\/wp-content\/uploads\/2014\/11\/f1-360x267.png\" class=\"attachment-post-thumb size-post-thumb wp-post-image\" alt=\"\" loading=\"lazy\" \/><\/div><\/article><\/li><li class='isotope-item construcci\u00f3n col-xs-6'><article class='inner'><a class='item-hover' href=https:\/\/barlobar.com\/?id=fasa><div class='mask'><\/div><div class='item-info'><div class='headline'><h2>FASA<\/h2><\/div><\/div><\/a><div class='item-img'><img width=\"360\" height=\"267\" src=\"https:\/\/barlobar.com\/wp-content\/uploads\/2014\/11\/h1-360x267.png\" class=\"attachment-post-thumb size-post-thumb wp-post-image\" alt=\"\" loading=\"lazy\" \/><\/div><\/article><\/li><li class='isotope-item drywall interiores col-xs-6'><article class='inner'><a class='item-hover' href=https:\/\/barlobar.com\/?id=saga><div class='mask'><\/div><div class='item-info'><div class='headline'><h2>FINANCIERA CMR<\/h2><\/div><\/div><\/a><div class='item-img'><img width=\"360\" height=\"267\" src=\"https:\/\/barlobar.com\/wp-content\/uploads\/2014\/11\/g1-360x267.png\" class=\"attachment-post-thumb size-post-thumb wp-post-image\" alt=\"\" loading=\"lazy\" \/><\/div><\/article><\/li><\/ul>[\/vc_column][\/vc_row]<\/p>\n","protected":false},"excerpt":{"rendered":"<p>[vc_row css=\u00bb.vc_custom_1418303236699{margin-top: -75px !important;}\u00bb][vc_column][vc_empty_space][vc_empty_space][\/vc_column][\/vc_row]<\/p>\n","protected":false},"author":2,"featured_media":0,"parent":0,"menu_order":0,"comment_status":"open","ping_status":"open","template":"","meta":[],"_links":{"self":[{"href":"https:\/\/barlobar.com\/index.php?rest_route=\/wp\/v2\/pages\/7"}],"collection":[{"href":"https:\/\/barlobar.com\/index.php?rest_route=\/wp\/v2\/pages"}],"about":[{"href":"https:\/\/barlobar.com\/index.php?rest_route=\/wp\/v2\/types\/page"}],"author":[{"embeddable":true,"href":"https:\/\/barlobar.com\/index.php?rest_route=\/wp\/v2\/users\/2"}],"replies":[{"embeddable":true,"href":"https:\/\/barlobar.com\/index.php?rest_route=%2Fwp%2Fv2%2Fcomments&post=7"}],"version-history":[{"count":11,"href":"https:\/\/barlobar.com\/index.php?rest_route=\/wp\/v2\/pages\/7\/revisions"}],"predecessor-version":[{"id":887,"href":"https:\/\/barlobar.com\/index.php?rest_route=\/wp\/v2\/pages\/7\/revisions\/887"}],"wp:attachment":[{"href":"https:\/\/barlobar.com\/index.php?rest_route=%2Fwp%2Fv2%2Fmedia&parent=7"}],"curies":[{"name":"wp","href":"https:\/\/api.w.org\/{rel}","templated":true}]}}