{"id":11,"date":"2014-11-11T11:14:05","date_gmt":"2014-11-11T11:14:05","guid":{"rendered":"http:\/\/anpsthemes.com\/constructo\/?page_id=11"},"modified":"2018-03-29T10:42:54","modified_gmt":"2018-03-29T10:42:54","slug":"nosotros","status":"publish","type":"page","link":"https:\/\/barlobar.com\/?page_id=11","title":{"rendered":"Trabaje con nosotros"},"content":{"rendered":"<p>[vc_row][vc_column]<h1 class='heading ' ><span>\u00a1BUSCAMOS A LOS MEJORES!<\/span><\/h1>[vc_column_text]Buscamos nuevos talentos con una s\u00f3lida formaci\u00f3n en valores que deseen formar parte de la familia BARLOBAR, una empresa con m\u00e1s de 20 a\u00f1os de creaci\u00f3n.<\/p>\n<p>Si est\u00e1s interesado \u00a0en postular a alguna de nuestras vacantes por favor escr\u00edbenos aqu\u00ed: <a href=\"http:\/\/barlobar.com\/contacto\/\">TRABAJA CON NOSOTROS<\/a>[\/vc_column_text][vc_empty_space][\/vc_column][\/vc_row][vc_row][vc_column width=\u00bb1\/2&#8243;][vc_column_text]<\/p>\n<ul>\n<li>Empresa de Gesti\u00f3n de Proyectos y Construcci\u00f3n, fundada en <b>1996.<\/b><\/li>\n<li>Somos <b>socios estrat\u00e9gicos <\/b>de importantes organizaciones en Per\u00fa.<\/li>\n<li>En nuestros m\u00e1s de <b>20 a\u00f1os de experiencia<\/b>, hemos obtenido la confianza de quienes hasta ahora siguen siendo nuestros clientes.<\/li>\n<li>Mantenemos una <b>s\u00f3lida posici\u00f3n financiera <\/b>y capital de respaldo.<\/li>\n<li>Trabajamos con una amplia <b>red de proveedores confiables.<\/b><\/li>\n<\/ul>\n<p>[\/vc_column_text][vc_empty_space][vc_single_image image=\u00bb789&#8243; img_size=\u00bbfull\u00bb alignment=\u00bbcenter\u00bb][\/vc_column][vc_column width=\u00bb1\/2&#8243;][vc_single_image image=\u00bb885&#8243; img_size=\u00bblarge\u00bb alignment=\u00bbcenter\u00bb][\/vc_column][\/vc_row]<\/p>\n","protected":false},"excerpt":{"rendered":"<p>[vc_row][vc_column][vc_column_text]Buscamos nuevos talentos con una s\u00f3lida formaci\u00f3n en valores que deseen formar parte de la familia BARLOBAR, una empresa con m\u00e1s de 20 a\u00f1os de creaci\u00f3n. Si est\u00e1s interesado \u00a0en postular a alguna de nuestras vacantes por favor escr\u00edbenos aqu\u00ed:&#8230;<\/p>\n","protected":false},"author":2,"featured_media":0,"parent":0,"menu_order":0,"comment_status":"open","ping_status":"open","template":"","meta":[],"_links":{"self":[{"href":"https:\/\/barlobar.com\/index.php?rest_route=\/wp\/v2\/pages\/11"}],"collection":[{"href":"https:\/\/barlobar.com\/index.php?rest_route=\/wp\/v2\/pages"}],"about":[{"href":"https:\/\/barlobar.com\/index.php?rest_route=\/wp\/v2\/types\/page"}],"author":[{"embeddable":true,"href":"https:\/\/barlobar.com\/index.php?rest_route=\/wp\/v2\/users\/2"}],"replies":[{"embeddable":true,"href":"https:\/\/barlobar.com\/index.php?rest_route=%2Fwp%2Fv2%2Fcomments&post=11"}],"version-history":[{"count":11,"href":"https:\/\/barlobar.com\/index.php?rest_route=\/wp\/v2\/pages\/11\/revisions"}],"predecessor-version":[{"id":886,"href":"https:\/\/barlobar.com\/index.php?rest_route=\/wp\/v2\/pages\/11\/revisions\/886"}],"wp:attachment":[{"href":"https:\/\/barlobar.com\/index.php?rest_route=%2Fwp%2Fv2%2Fmedia&parent=11"}],"curies":[{"name":"wp","href":"https:\/\/api.w.org\/{rel}","templated":true}]}}